{"id":3722,"date":"2025-10-22T10:57:24","date_gmt":"2025-10-22T09:57:24","guid":{"rendered":"https:\/\/myecostudio.com\/product\/papel-a4-plantable-y-ecologico\/"},"modified":"2025-10-22T10:57:24","modified_gmt":"2025-10-22T09:57:24","slug":"papel-a4-plantable-y-ecologico","status":"publish","type":"product","link":"https:\/\/myecostudio.com\/es\/producto\/papel-a4-plantable-y-ecologico\/","title":{"rendered":"Papel A4 plantable y ecol\u00f3gico"},"content":{"rendered":"<p>ESTE PEDIDO INCLUYE LO SIGUIENTE<\/p>\n<p>Tama\u00f1o del papel: A4 \/ 29,7 x 21 cm \/ 11.69 x 8.27 in.<br \/>\nGrosor: 250-300 GSM.<\/p>\n","protected":false},"excerpt":{"rendered":"<p>Cause una impresi\u00f3n duradera con nuestro exclusivo papel A4 plantable o ecol\u00f3gico, elaborado a partir de papel de desecho posconsumo para mantener feliz a nuestro planeta. Cada papel plantable lleva semillas de margarita integradas, se ensambla a mano y est\u00e1 listo para enviarse a cualquier parte del mundo. <\/p>\n<p>Nuestros papeles ecol\u00f3gicos est\u00e1n hechos con materiales reciclados y no contienen semillas. Solo nuestro papel de semillas incluye semillas de flores silvestres. <\/p>\n<p>\u00a1Estas promociones ecol\u00f3gicas dejan una impresi\u00f3n duradera y ayudar\u00e1n a que su empresa destaque entre la competencia!<\/p>\n<p>\u00bfNECESITA AYUDA?<\/p>\n<p>Si tiene alguna pregunta, no dude en contactarnos<br \/>\npor email: myecostudio@gmail.com<\/p>\n<p>\u00a1Estaremos encantados de ayudarle!<\/p>\n<p>Horario de atenci\u00f3n:<br \/>\nDe lunes a jueves, de 8 a 17 h<br \/>\nViernes: de 8 a 15 h<\/p>\n","protected":false},"featured_media":2998,"template":"","meta":{"CBBTypography":[],"_uag_custom_page_level_css":"","site-sidebar-layout":"default","site-content-layout":"","ast-site-content-layout":"default","site-content-style":"default","site-sidebar-style":"default","ast-global-header-display":"","ast-banner-title-visibility":"","ast-main-header-display":"","ast-hfb-above-header-display":"","ast-hfb-below-header-display":"","ast-hfb-mobile-header-display":"","site-post-title":"","ast-breadcrumbs-content":"","ast-featured-img":"disabled","footer-sml-layout":"","ast-disable-related-posts":"","theme-transparent-header-meta":"default","adv-header-id-meta":"","stick-header-meta":"","header-above-stick-meta":"","header-main-stick-meta":"","header-below-stick-meta":"","astra-migrate-meta-layouts":"default","ast-page-background-enabled":"default","ast-page-background-meta":{"desktop":{"background-color":"var(--ast-global-color-4)","background-image":"","background-repeat":"repeat","background-position":"center center","background-size":"auto","background-attachment":"scroll","background-type":"","background-media":"","overlay-type":"","overlay-color":"","overlay-opacity":"","overlay-gradient":""},"tablet":{"background-color":"","background-image":"","background-repeat":"repeat","background-position":"center center","background-size":"auto","background-attachment":"scroll","background-type":"","background-media":"","overlay-type":"","overlay-color":"","overlay-opacity":"","overlay-gradient":""},"mobile":{"background-color":"","background-image":"","background-repeat":"repeat","background-position":"center center","background-size":"auto","background-attachment":"scroll","background-type":"","background-media":"","overlay-type":"","overlay-color":"","overlay-opacity":"","overlay-gradient":""}},"ast-content-background-meta":{"desktop":{"background-color":"var(--ast-global-color-5)","background-image":"","background-repeat":"repeat","background-position":"center center","background-size":"auto","background-attachment":"scroll","background-type":"","background-media":"","overlay-type":"","overlay-color":"","overlay-opacity":"","overlay-gradient":""},"tablet":{"background-color":"var(--ast-global-color-5)","background-image":"","background-repeat":"repeat","background-position":"center center","background-size":"auto","background-attachment":"scroll","background-type":"","background-media":"","overlay-type":"","overlay-color":"","overlay-opacity":"","overlay-gradient":""},"mobile":{"background-color":"var(--ast-global-color-5)","background-image":"","background-repeat":"repeat","background-position":"center center","background-size":"auto","background-attachment":"scroll","background-type":"","background-media":"","overlay-type":"","overlay-color":"","overlay-opacity":"","overlay-gradient":""}},"_joinchat":[]},"product_brand":[],"product_cat":[167,169],"product_tag":[],"class_list":{"0":"post-3722","1":"product","2":"type-product","3":"status-publish","4":"has-post-thumbnail","6":"product_cat-empresa","7":"product_cat-papel-en-blanco","8":"desktop-align-left","9":"tablet-align-left","10":"mobile-align-left","11":"wcpa_has_options","13":"first","14":"instock","15":"sold-individually","16":"taxable","17":"shipping-taxable","18":"purchasable","19":"product-type-simple"},"spectra_custom_meta":{"_last_translation_edit_mode":["translation-editor"],"_wcml_average_rating":[null],"_wcml_review_count":[null],"_wcml_rating_count":[null],"wcpa_exclude_global_forms":[""],"_wcpa_product_meta":["a:1:{i:0;i:3000;}"],"wcpa_product_meta_order":["a:0:{}"],"_backorders":["no"],"_download_limit":["-1"],"_download_expiry":["-1"],"_downloadable":["no"],"_manage_stock":["no"],"_stock_status":["instock"],"_sold_individually":["yes"],"_tax_class":[""],"_tax_status":["taxable"],"_virtual":["no"],"total_sales":["0"],"_regular_price":["20"],"_price":["20"],"site-sidebar-layout":["default"],"ast-featured-img":["disabled"],"theme-transparent-header-meta":["default"],"ast-site-content-layout":["default"],"site-content-style":["default"],"site-sidebar-style":["default"],"_top_nav_excluded":[""],"_cms_nav_minihome":[""],"_wpml_word_count":["151"],"_uag_css_file_name":["uag-css-3722.css"],"_uag_js_file_name":["uag-js-3722.js"],"_uag_page_assets":["a:9:{s:3:\"css\";s:13381:\".uag-blocks-common-selector{z-index:var(--z-index-desktop) !important}@media(max-width: 976px){.uag-blocks-common-selector{z-index:var(--z-index-tablet) !important}}@media(max-width: 767px){.uag-blocks-common-selector{z-index:var(--z-index-mobile) !important}}.wp-block-uagb-image{display:flex}.wp-block-uagb-image__figure{position:relative;display:flex;flex-direction:column;max-width:100%;height:auto;margin:0}.wp-block-uagb-image__figure img{height:auto;display:flex;max-width:100%;transition:box-shadow .2s ease}.wp-block-uagb-image__figure>a{display:inline-block}.wp-block-uagb-image__figure figcaption{text-align:center;margin-top:.5em;margin-bottom:1em}.wp-block-uagb-image .components-placeholder.block-editor-media-placeholder .components-placeholder__instructions{align-self:center}.wp-block-uagb-image--align-left{text-align:left}.wp-block-uagb-image--align-right{text-align:right}.wp-block-uagb-image--align-center{text-align:center}.wp-block-uagb-image--align-full .wp-block-uagb-image__figure{margin-left:calc(50% - 50vw);margin-right:calc(50% - 50vw);max-width:100vw;width:100vw;height:auto}.wp-block-uagb-image--align-full .wp-block-uagb-image__figure img{height:auto;width:100% !important}.wp-block-uagb-image--align-wide .wp-block-uagb-image__figure img{height:auto;width:100%}.wp-block-uagb-image--layout-overlay__color-wrapper{position:absolute;left:0;top:0;right:0;bottom:0;opacity:.2;background:rgba(0,0,0,.5);transition:opacity .35s ease-in-out}.wp-block-uagb-image--layout-overlay-link{position:absolute;left:0;right:0;bottom:0;top:0}.wp-block-uagb-image--layout-overlay .wp-block-uagb-image__figure:hover .wp-block-uagb-image--layout-overlay__color-wrapper{opacity:1}.wp-block-uagb-image--layout-overlay__inner{position:absolute;left:15px;right:15px;bottom:15px;top:15px;display:flex;align-items:center;justify-content:center;flex-direction:column;border-color:#fff;transition:.35s ease-in-out}.wp-block-uagb-image--layout-overlay__inner.top-left,.wp-block-uagb-image--layout-overlay__inner.top-center,.wp-block-uagb-image--layout-overlay__inner.top-right{justify-content:flex-start}.wp-block-uagb-image--layout-overlay__inner.bottom-left,.wp-block-uagb-image--layout-overlay__inner.bottom-center,.wp-block-uagb-image--layout-overlay__inner.bottom-right{justify-content:flex-end}.wp-block-uagb-image--layout-overlay__inner.top-left,.wp-block-uagb-image--layout-overlay__inner.center-left,.wp-block-uagb-image--layout-overlay__inner.bottom-left{align-items:flex-start}.wp-block-uagb-image--layout-overlay__inner.top-right,.wp-block-uagb-image--layout-overlay__inner.center-right,.wp-block-uagb-image--layout-overlay__inner.bottom-right{align-items:flex-end}.wp-block-uagb-image--layout-overlay__inner .uagb-image-heading{color:#fff;transition:transform .35s,opacity .35s ease-in-out;transform:translate3d(0, 24px, 0);margin:0;line-height:1em}.wp-block-uagb-image--layout-overlay__inner .uagb-image-separator{width:30%;border-top-width:2px;border-top-color:#fff;border-top-style:solid;margin-bottom:10px;opacity:0;transition:transform .4s,opacity .4s ease-in-out;transform:translate3d(0, 30px, 0)}.wp-block-uagb-image--layout-overlay__inner .uagb-image-caption{opacity:0;overflow:visible;color:#fff;transition:transform .45s,opacity .45s ease-in-out;transform:translate3d(0, 35px, 0)}.wp-block-uagb-image--layout-overlay__inner:hover .uagb-image-heading,.wp-block-uagb-image--layout-overlay__inner:hover .uagb-image-separator,.wp-block-uagb-image--layout-overlay__inner:hover .uagb-image-caption{opacity:1;transform:translate3d(0, 0, 0)}.wp-block-uagb-image--effect-zoomin .wp-block-uagb-image__figure img,.wp-block-uagb-image--effect-zoomin .wp-block-uagb-image__figure .wp-block-uagb-image--layout-overlay__color-wrapper{transform:scale(1);transition:transform .35s ease-in-out}.wp-block-uagb-image--effect-zoomin .wp-block-uagb-image__figure:hover img,.wp-block-uagb-image--effect-zoomin .wp-block-uagb-image__figure:hover .wp-block-uagb-image--layout-overlay__color-wrapper{transform:scale(1.05)}.wp-block-uagb-image--effect-slide .wp-block-uagb-image__figure img,.wp-block-uagb-image--effect-slide .wp-block-uagb-image__figure .wp-block-uagb-image--layout-overlay__color-wrapper{width:calc(100% + 40px) !important;max-width:none !important;transform:translate3d(-40px, 0, 0);transition:transform .35s ease-in-out}.wp-block-uagb-image--effect-slide .wp-block-uagb-image__figure:hover img,.wp-block-uagb-image--effect-slide .wp-block-uagb-image__figure:hover .wp-block-uagb-image--layout-overlay__color-wrapper{transform:translate3d(0, 0, 0)}.wp-block-uagb-image--effect-grayscale img{filter:grayscale(0%);transition:.35s ease-in-out}.wp-block-uagb-image--effect-grayscale:hover img{filter:grayscale(100%)}.wp-block-uagb-image--effect-blur img{filter:blur(0);transition:.35s ease-in-out}.wp-block-uagb-image--effect-blur:hover img{filter:blur(3px)}.uagb-block-.wp-block-uagb-image--layout-default figure img{box-shadow: 0px 0px 0 #00000070;}.uagb-block-.wp-block-uagb-image .wp-block-uagb-image__figure figcaption{font-style: normal;align-self: center;}.uagb-block-.wp-block-uagb-image--layout-overlay figure img{box-shadow: 0px 0px 0 #00000070;}.uagb-block-.wp-block-uagb-image--layout-overlay .wp-block-uagb-image--layout-overlay__color-wrapper{opacity: 0.2;}.uagb-block-.wp-block-uagb-image--layout-overlay .wp-block-uagb-image--layout-overlay__inner{left: 15px;right: 15px;top: 15px;bottom: 15px;}.uagb-block-.wp-block-uagb-image--layout-overlay .wp-block-uagb-image--layout-overlay__inner .uagb-image-heading{font-style: normal;color: #fff;opacity: 1;}.uagb-block-.wp-block-uagb-image--layout-overlay .wp-block-uagb-image--layout-overlay__inner .uagb-image-heading a{color: #fff;}.uagb-block-.wp-block-uagb-image--layout-overlay .wp-block-uagb-image--layout-overlay__inner .uagb-image-caption{opacity: 0;}.uagb-block-.wp-block-uagb-image--layout-overlay .wp-block-uagb-image__figure:hover .wp-block-uagb-image--layout-overlay__color-wrapper{opacity: 1;}.uagb-block-.wp-block-uagb-image .wp-block-uagb-image--layout-overlay__inner .uagb-image-separator{width: 30%;border-top-width: 2px;border-top-color: #fff;opacity: 0;}.uagb-block-.wp-block-uagb-image .wp-block-uagb-image__figure img{width: px;height: auto;}.uagb-block-.wp-block-uagb-image .wp-block-uagb-image__figure:hover .wp-block-uagb-image--layout-overlay__inner .uagb-image-caption{opacity: 1;}.uagb-block-.wp-block-uagb-image .wp-block-uagb-image__figure:hover .wp-block-uagb-image--layout-overlay__inner .uagb-image-separator{opacity: 1;}.uagb-block-.wp-block-uagb-image--layout-default figure:hover img{box-shadow: 0px 0px 0 #00000070;}.uagb-block-.wp-block-uagb-image--layout-overlay figure:hover img{box-shadow: 0px 0px 0 #00000070;}@media only screen and (max-width: 976px) {.uagb-block-.wp-block-uagb-image .wp-block-uagb-image__figure img{width: px;height: auto;}}@media only screen and (max-width: 767px) {.uagb-block-.wp-block-uagb-image .wp-block-uagb-image__figure img{width: px;height: auto;}}.uagb-social-share__outer-wrap,.uagb-social-share__wrap{display:flex;align-items:center;justify-content:center}.uagb-social-share__layout-vertical.uagb-social-share__outer-wrap,.uagb-social-share__layout-vertical .uagb-social-share__wrap{flex-direction:column}.uagb-social-share__layout-vertical .wp-block-uagb-social-share-child.uagb-ss-repeater.uagb-ss__wrapper:first-child{margin-top:0 !important}.uagb-social-share__layout-vertical .wp-block-uagb-social-share-child.uagb-ss-repeater.uagb-ss__wrapper:last-child{margin-bottom:0 !important}.uagb-social-share__outer-wrap a.uagb-button__link:focus{box-shadow:none}.uagb-social-share__outer-wrap .uagb-ss__wrapper{padding:0;margin-left:5px;margin-right:5px;transition:all .2s;display:inline-flex;text-align:center}.uagb-social-share__outer-wrap .uagb-ss__source-wrap{display:inline-block}.uagb-social-share__outer-wrap .uagb-ss__link{color:#3a3a3a;display:inline-table;line-height:0;cursor:pointer}.uagb-social-share__outer-wrap .uagb-ss__source-icon{font-size:40px;width:40px;height:40px}.uagb-social-share__outer-wrap .uagb-ss__source-image{width:40px}@media(max-width: 976px){.uagb-social-share__layout-horizontal .uagb-ss__wrapper{margin-left:0;margin-right:0}}.uagb-social-share__layout-horizontal .wp-block-uagb-social-share-child.uagb-ss-repeater.uagb-ss__wrapper:first-child{margin-left:0 !important}.uagb-social-share__layout-horizontal .wp-block-uagb-social-share-child.uagb-ss-repeater.uagb-ss__wrapper:last-child{margin-right:0 !important}.wp-block-uagb-social-share .uagb-social-share__wrapper{text-decoration:none}.uagb-social-share__wrapper{box-shadow:none}.uagb-social-share__outer-wrap:not(.uagb-social-share__no-label) .uagb-social-share__source-wrap{margin-right:15px}.uagb-social-share__outer-wrap.uagb-social-share__icon-at-top .uagb-social-share__source-wrap{-ms-flex-item-align:flex-start;align-self:flex-start;margin-top:5px}.uagb-block-8f2a9393 .uagb-ss-repeater span.uagb-ss__link{color: #3a3a3a;}.uagb-block-8f2a9393 .uagb-ss-repeater a.uagb-ss__link{color: #3a3a3a;}.uagb-block-8f2a9393 .uagb-ss-repeater span.uagb-ss__link svg{fill: #3a3a3a;}.uagb-block-8f2a9393 .uagb-ss-repeater a.uagb-ss__link svg{fill: #3a3a3a;}.uagb-block-8f2a9393.uagb-social-share__layout-vertical .uagb-ss__wrapper{margin-left: 0;margin-right: 0;margin-top: 5px;margin-bottom: 5px;}.uagb-block-8f2a9393.uagb-social-share__layout-vertical .uagb-ss__link{padding: 10px;}.uagb-block-8f2a9393.uagb-social-share__layout-horizontal .uagb-ss__link{padding: 10px;}.uagb-block-8f2a9393.uagb-social-share__layout-horizontal .uagb-ss__wrapper{margin-left: 5px;margin-right: 5px;}.uagb-block-8f2a9393 .wp-block-uagb-social-share-child {border-radius: 0px;}.uagb-block-8f2a9393 .uagb-ss__source-wrap{width: 30px;}.uagb-block-8f2a9393 .uagb-ss__source-wrap svg{width: 30px;height: 30px;}.uagb-block-8f2a9393 .uagb-ss__source-image{width: 30px;}.uagb-block-8f2a9393 .uagb-ss__source-icon{width: 30px;height: 30px;font-size: 30px;}.uagb-block-8f2a9393.uagb-social-share__outer-wrap{justify-content: center;-webkit-box-pack: center;-ms-flex-pack: center;-webkit-box-align: center;-ms-flex-align: center;align-items: center;}.uagb-block-7d66a94e.uagb-ss-repeater span.uagb-ss__link{color: #3b5998;}.uagb-block-7d66a94e.uagb-ss-repeater a.uagb-ss__link{color: #3b5998;}.uagb-block-7d66a94e.uagb-ss-repeater span.uagb-ss__link svg{fill: #3b5998;}.uagb-block-7d66a94e.uagb-ss-repeater a.uagb-ss__link svg{fill: #3b5998;}.uagb-block-dd230985.uagb-ss-repeater span.uagb-ss__link{color: #55acee;}.uagb-block-dd230985.uagb-ss-repeater a.uagb-ss__link{color: #55acee;}.uagb-block-dd230985.uagb-ss-repeater span.uagb-ss__link svg{fill: #55acee;}.uagb-block-dd230985.uagb-ss-repeater a.uagb-ss__link svg{fill: #55acee;}.uagb-block-26015cf0.uagb-ss-repeater span.uagb-ss__link{color: #bd081c;}.uagb-block-26015cf0.uagb-ss-repeater a.uagb-ss__link{color: #bd081c;}.uagb-block-26015cf0.uagb-ss-repeater span.uagb-ss__link svg{fill: #bd081c;}.uagb-block-26015cf0.uagb-ss-repeater a.uagb-ss__link svg{fill: #bd081c;}.uagb-block-6077aad6.uagb-ss-repeater span.uagb-ss__link{color: #0077b5;}.uagb-block-6077aad6.uagb-ss-repeater a.uagb-ss__link{color: #0077b5;}.uagb-block-6077aad6.uagb-ss-repeater span.uagb-ss__link svg{fill: #0077b5;}.uagb-block-6077aad6.uagb-ss-repeater a.uagb-ss__link svg{fill: #0077b5;}@media only screen and (max-width: 976px) {.uagb-block-8f2a9393.uagb-social-share__layout-vertical .uagb-ss__wrapper{margin-left: 0;margin-right: 0;margin-top: 5px;margin-bottom: 5px;}.uagb-block-8f2a9393.uagb-social-share__layout-horizontal .uagb-ss__wrapper{margin-left: 5px;margin-right: 5px;}.uagb-block-8f2a9393.uagb-social-share__outer-wrap{justify-content: center;-webkit-box-pack: center;-ms-flex-pack: center;-webkit-box-align: center;-ms-flex-align: center;align-items: center;}}@media only screen and (max-width: 767px) {.uagb-block-8f2a9393.uagb-social-share__layout-vertical .uagb-ss__wrapper{margin-left: 0;margin-right: 0;margin-top: 5px;margin-bottom: 5px;}.uagb-block-8f2a9393.uagb-social-share__layout-horizontal .uagb-ss__wrapper{margin-left: 5px;margin-right: 5px;}.uagb-block-8f2a9393.uagb-social-share__outer-wrap{justify-content: center;-webkit-box-pack: center;-ms-flex-pack: center;-webkit-box-align: center;-ms-flex-align: center;align-items: center;}}.wp-block-uagb-icon svg{width:30px}.uagb-icon-wrapper .uagb-svg-wrapper{transition:box-shadow .2s ease} .uagb-block-069647fe.uagb-icon-wrapper{text-align: center;} .uagb-block-069647fe.uagb-icon-wrapper .uagb-svg-wrapper a{display: contents;} .uagb-block-069647fe.uagb-icon-wrapper svg{width: 40px;height: 40px;transform: rotate(0deg);box-sizing: content-box;fill: #333;filter: drop-shadow( 0px 0px 0px #00000070 );} .uagb-block-069647fe.uagb-icon-wrapper .uagb-svg-wrapper{display: inline-flex;padding-top: 5px;padding-right: 5px;padding-bottom: 5px;padding-left: 5px;border-style: default;box-shadow: 0px 0px 0 #00000070 ;} .uagb-block-069647fe.uagb-icon-wrapper .uagb-svg-wrapper:hover{box-shadow: 0px 0px 0 #00000070 ;} .uagb-block-069647fe.uagb-icon-wrapper .uagb-svg-wrapper:focus-visible{box-shadow: 0px 0px 0 #00000070 ;}@media only screen and (max-width: 976px) { .uagb-block-069647fe.uagb-icon-wrapper .uagb-svg-wrapper{display: inline-flex;}}@media only screen and (max-width: 767px) { .uagb-block-069647fe.uagb-icon-wrapper .uagb-svg-wrapper{display: inline-flex;}}\";s:2:\"js\";s:1523:\"document.addEventListener(\"DOMContentLoaded\", function(){ var ssLinksParent = document.querySelector( '.uagb-block-8f2a9393' );\nssLinksParent?.addEventListener( 'keyup', function ( e ) {\nvar link = e.target.closest( '.uagb-ss__link' );\nif ( link && e.keyCode === 13 ) {\n\thandleSocialLinkClick( link );\n}\n});\n\nssLinksParent?.addEventListener( 'click', function ( e ) {\nvar link = e.target.closest( '.uagb-ss__link' );\nif ( link ) {\n\thandleSocialLinkClick( link );\n}\n});\n\nfunction handleSocialLinkClick( link ) {\nvar social_url = link.dataset.href;\nvar target = \"\";\nif ( social_url == \"mailto:?body=\" ) {\n\ttarget = \"_self\";\n}\nvar request_url = \"\";\nif ( social_url.indexOf(\"\/pin\/create\/link\/?url=\") !== -1 ) {\n\trequest_url = social_url + encodeURIComponent( window.location.href ) + \"&media=\" + 'https:\/\/myecostudio.com\/wp-content\/uploads\/2025\/10\/Plantable-Paper-A4-Logo-1024x1024.webp';\n} else {\n\trequest_url = social_url + encodeURIComponent( window.location.href );\n}\nwindow.open( request_url, target );\n}\n\t\t\t\twindow.addEventListener( 'DOMContentLoaded', () => {\n\t\t\t\t\tconst blockScope = document.querySelector( '.uagb-block-069647fe' );\n\t\t\t\t\tif ( ! blockScope ) {\n\t\t\t\t\t\treturn;\n\t\t\t\t\t}\n\n\t\t\t\t\tconst anchorElement = blockScope.querySelector('a');\n\t\t\t\t\tif (!anchorElement) {\n\t\t\t\t\t\treturn;\n\t\t\t\t\t} \n\n\t\t\t\t\t \n\t\t\t\t\tblockScope.addEventListener('keydown', (event) => {\n\t\t\t\t\t\tif ( 13 === event.keyCode || 32 === event.keyCode ) {\n\t\t\t\t\t\t\tevent.preventDefault();\n\t\t\t\t\t\t\t \n\t\t\t\t\t\t\tanchorElement.click();\t\n\t\t\t\t\t\t}\n\t\t\t\t\t} );\n\t\t\t\t} );\n\t\t\t });\";s:18:\"current_block_list\";a:13:{i:0;s:11:\"core\/search\";i:1;s:10:\"core\/group\";i:2;s:12:\"core\/heading\";i:3;s:17:\"core\/latest-posts\";i:4;s:20:\"core\/latest-comments\";i:5;s:13:\"core\/archives\";i:6;s:15:\"core\/categories\";i:7;s:10:\"core\/image\";i:8;s:18:\"core\/legacy-widget\";i:9;s:10:\"uagb\/image\";i:10;s:17:\"uagb\/social-share\";i:11;s:23:\"uagb\/social-share-child\";i:12;s:9:\"uagb\/icon\";}s:8:\"uag_flag\";b:1;s:11:\"uag_version\";s:10:\"1778757380\";s:6:\"gfonts\";a:0:{}s:10:\"gfonts_url\";s:0:\"\";s:12:\"gfonts_files\";a:0:{}s:14:\"uag_faq_layout\";b:0;}"],"_max_variation_price":[""],"_max_variation_regular_price":[""],"_max_variation_sale_price":[""],"_min_variation_price":[""],"_min_variation_regular_price":[""],"_min_variation_sale_price":[""],"_sale_price":[""],"_wc_rating_count":[""],"_wc_review_count":[""],"_wc_average_rating":[0],"_thumbnail_id":["2998"]},"uagb_featured_image_src":{"full":["https:\/\/myecostudio.com\/wp-content\/uploads\/2025\/10\/Plantable-Paper-A4-Logo-scaled.webp",2560,2560,false],"thumbnail":["https:\/\/myecostudio.com\/wp-content\/uploads\/2025\/10\/Plantable-Paper-A4-Logo-150x150.webp",150,150,true],"medium":["https:\/\/myecostudio.com\/wp-content\/uploads\/2025\/10\/Plantable-Paper-A4-Logo-300x300.webp",300,300,true],"medium_large":["https:\/\/myecostudio.com\/wp-content\/uploads\/2025\/10\/Plantable-Paper-A4-Logo-768x768.webp",768,768,true],"large":["https:\/\/myecostudio.com\/wp-content\/uploads\/2025\/10\/Plantable-Paper-A4-Logo-1024x1024.webp",1024,1024,true],"1536x1536":["https:\/\/myecostudio.com\/wp-content\/uploads\/2025\/10\/Plantable-Paper-A4-Logo-1536x1536.webp",1536,1536,true],"2048x2048":["https:\/\/myecostudio.com\/wp-content\/uploads\/2025\/10\/Plantable-Paper-A4-Logo-2048x2048.webp",2048,2048,true],"mailpoet_newsletter_max":["https:\/\/myecostudio.com\/wp-content\/uploads\/2025\/10\/Plantable-Paper-A4-Logo-1320x1320.webp",1320,1320,true],"woocommerce_thumbnail":["https:\/\/myecostudio.com\/wp-content\/uploads\/2025\/10\/Plantable-Paper-A4-Logo-300x300.webp",300,300,true],"woocommerce_single":["https:\/\/myecostudio.com\/wp-content\/uploads\/2025\/10\/Plantable-Paper-A4-Logo-600x600.webp",600,600,true],"woocommerce_gallery_thumbnail":["https:\/\/myecostudio.com\/wp-content\/uploads\/2025\/10\/Plantable-Paper-A4-Logo-100x100.webp",100,100,true]},"uagb_author_info":{"display_name":"myecostudio","author_link":"https:\/\/myecostudio.com\/es\/author\/"},"uagb_comment_info":0,"uagb_excerpt":"Cause una impresi\u00f3n duradera con nuestro exclusivo papel A4 plantable o ecol\u00f3gico, elaborado a partir de papel de desecho posconsumo para mantener feliz a nuestro planeta. Cada papel plantable lleva semillas de margarita integradas, se ensambla a mano y est\u00e1 listo para enviarse a cualquier parte del mundo. Nuestros papeles ecol\u00f3gicos est\u00e1n hechos con materiales&hellip;","wcpa_form_fields":null,"_links":{"self":[{"href":"https:\/\/myecostudio.com\/es\/wp-json\/wp\/v2\/product\/3722","targetHints":{"allow":["GET"]}}],"collection":[{"href":"https:\/\/myecostudio.com\/es\/wp-json\/wp\/v2\/product"}],"about":[{"href":"https:\/\/myecostudio.com\/es\/wp-json\/wp\/v2\/types\/product"}],"wp:featuredmedia":[{"embeddable":true,"href":"https:\/\/myecostudio.com\/es\/wp-json\/wp\/v2\/media\/2998"}],"wp:attachment":[{"href":"https:\/\/myecostudio.com\/es\/wp-json\/wp\/v2\/media?parent=3722"}],"wp:term":[{"taxonomy":"product_brand","embeddable":true,"href":"https:\/\/myecostudio.com\/es\/wp-json\/wp\/v2\/product_brand?post=3722"},{"taxonomy":"product_cat","embeddable":true,"href":"https:\/\/myecostudio.com\/es\/wp-json\/wp\/v2\/product_cat?post=3722"},{"taxonomy":"product_tag","embeddable":true,"href":"https:\/\/myecostudio.com\/es\/wp-json\/wp\/v2\/product_tag?post=3722"}],"curies":[{"name":"wp","href":"https:\/\/api.w.org\/{rel}","templated":true}]}}